{"id":1004,"date":"2020-04-12T21:53:33","date_gmt":"2020-04-12T19:53:33","guid":{"rendered":"http:\/\/www.webpbx.es\/?page_id=1004"},"modified":"2020-04-20T22:13:53","modified_gmt":"2020-04-20T20:13:53","slug":"tienda-online-2","status":"publish","type":"page","link":"https:\/\/webpbx.es\/?page_id=1004","title":{"rendered":"DEVICES"},"content":{"rendered":"<div class=\"row\">\n<div class=\"span12\">\n<h4 style=\"text-align: justify;\">En Web Pbx le proveemos de todo lo necesario (hardware, software o asesoramiento) para que pueda instalar su centralita, tanto de forma Virtual (Virtual o Cloud) o F\u00edsica (Appliance o Servidor)<\/h4>\n<p style=\"text-align: justify;\">Una\u00a0centralita telef\u00f3nica VOIP (PBX)\u00a0se compone por diferentes dispositivos, <strong>tel\u00e9fonos<\/strong> (Softphone SIP\/tel\u00e9fonos VOIP\/ATAs), un <strong>servidor de centralita IP<\/strong> y opcionalmente un\u00a0<strong>Gateway VoIP <\/strong>y ocasionalmente alg\u00fan <strong>SBC<\/strong> para la comunicaci\u00f3n segura. Dependiendo si nuestra PBX es virtual o f\u00edsica necesitaremos mas o menos dispositivos para comunicar con ella. El servidor de centralita IP es similar a un servidor proxy: los clientes SIP, bien se trate de Softphone o de tel\u00e9fonos basados en hardware, se registran en el servidor de la centralita IP y cuando desean realizar una llamada, le solicitan a la centralita IP que establezca la conexi\u00f3n. La centralita IP posee un directorio de todos los tel\u00e9fonos\/usuarios y su correspondiente direcci\u00f3n SIP y por ello puede conectar una llamada interna o encaminar una llamada externa a trav\u00e9s de un Gateway VoIP o un prestador de servicios VOIP.<\/p>\n<p><a href=\"https:\/\/webpbx.es\/wp-content\/uploads\/2020\/04\/3cx_ip-pbx-overview.jpg\"><img loading=\"lazy\" decoding=\"async\" class=\"size-medium wp-image-1272 aligncenter\" src=\"https:\/\/webpbx.es\/wp-content\/uploads\/2020\/04\/3cx_ip-pbx-overview-300x249.jpg\" alt=\"\" width=\"300\" height=\"249\" srcset=\"https:\/\/webpbx.es\/wp-content\/uploads\/2020\/04\/3cx_ip-pbx-overview-300x249.jpg 300w, https:\/\/webpbx.es\/wp-content\/uploads\/2020\/04\/3cx_ip-pbx-overview.jpg 522w\" sizes=\"(max-width: 300px) 100vw, 300px\" \/><\/a><\/p>\n<p style=\"text-align: justify;\">Al centro tenemos la PBX IP. Empezando desde abajo, vemos la red corporativa. Esta es la red local de la empresa. A trav\u00e9s de esa red, existen computadores corriendo clientes SIP como\u00a0Softphone 3CX\u00a0y Tel\u00e9fonos IP conectados directamente a la PBX. A la izquierda, vemos el router\/firewall de la empresa conectado a Internet. Desde ah\u00ed se puede conectar extensiones remotas en forma de computadores corriendo softphones, Tel\u00e9fonos IP remotos, dispositivos m\u00f3viles corriendo\u00a0clientes para Android o iOS 3CX\u00a0y PBX en modo puente. Utilizando un proveedor VoIP podemos conectarnos a la red PSTN. A la derecha un Gateway VoIP conecta la PBX directamente a la red PSTN.<\/p>\n<p><a href=\"https:\/\/webpbx.es\/wp-content\/uploads\/2020\/04\/3cx-Cloud.jpg\"><img loading=\"lazy\" decoding=\"async\" class=\"size-medium wp-image-1271 aligncenter\" src=\"https:\/\/webpbx.es\/wp-content\/uploads\/2020\/04\/3cx-Cloud-300x231.jpg\" alt=\"\" width=\"300\" height=\"231\" srcset=\"https:\/\/webpbx.es\/wp-content\/uploads\/2020\/04\/3cx-Cloud-300x231.jpg 300w, https:\/\/webpbx.es\/wp-content\/uploads\/2020\/04\/3cx-Cloud.jpg 649w\" sizes=\"(max-width: 300px) 100vw, 300px\" \/><\/a><\/p>\n<p style=\"text-align: justify;\">Otra forma es montar la 3CX en la nube, en este tipo de instalaci\u00f3n no tenemos una red local donde conectar los dispositivos, y no todas las instalaciones pueden montar VPN en sus sistemas. En estos casos 3CX tiene dos formas de trabajar creando t\u00faneles para los SoftPhones\u00a0 o mediante la utilizaci\u00f3n de dispositivos SBC para conectar grupos de tel\u00e9fonos y la 3CX. De esta formas podr\u00edamos tener multitud de dispositivos en diferentes sitios. Para esta formas de configurar se recomienda la utilizaci\u00f3n de proveedores Voip y no gateways de lineas.<\/p>\n<h2 style=\"text-align: center;\"><span style=\"color: #0000ff;\"><strong>A continuacion describimos los dispositivos y marcas que recomienda 3CX.<\/strong><\/span><\/h2>\n<div id=\"accordion_one\" class=\"accordion\">\n<div class=\"accordion-group\"><div class=\"accordion-heading\"><a class=\"accordion-toggle \" data-toggle=\"collapse\" data-parent=\"#accordion_one\" href=\"#251008968\"><strong>SoftPhone 3CX - Telefonos Voip - ATAs<strong><\/a><\/div><!-- accordion-heading end -->\r\n\t\t\t<div id=\"251008968\" class=\"accordion-body collapse \"><div class=\"accordion-inner\"><\/strong><\/strong><br \/>\n<strong>SoftPhone 3CX<\/strong><\/p>\n<p style=\"text-align: justify;\">A trav\u00e9s de un Softphone, f\u00e1cilmente puede realizar llamadas telef\u00f3nicas a trav\u00e9s de Internet usando su laptop, computadora\/PC de escritorio, smartphone o tablet independientemente de si est\u00e1 usando Windows, Mac, Android o IOS. Ya sea que est\u00e9 en la oficina, en casa, desde un caf\u00e9, en el aeropuerto, al usar su Softphone podr\u00e1 seguir comunicado sin generarle costos adicionales ni problemas de administraci\u00f3n.<\/p>\n<p style=\"text-align: justify;\">Sin necesidad de invertir en tel\u00e9fonos f\u00edsicos o hardware adicional, licencias por usuario y aprovechando la versatilidad de 3CX, un softphone es la soluci\u00f3n de comunicaciones para su empresa. F\u00e1cil para los usuarios, f\u00e1cil para los administradores.<\/p>\n<p style=\"text-align: justify;\">No solo puede realizar llamadas telef\u00f3nicas, sino que tambi\u00e9n podr\u00e1 chatear con compa\u00f1eros y realizar webmeetings en la red. Todo esto recibe el nombre de comunicaciones unificadas.<a href=\"https:\/\/webpbx.es\/wp-content\/uploads\/2020\/04\/telefonos-voip.jpg\"><img loading=\"lazy\" decoding=\"async\" class=\"size-medium wp-image-1285 aligncenter\" src=\"https:\/\/webpbx.es\/wp-content\/uploads\/2020\/04\/telefonos-voip-300x218.jpg\" alt=\"\" width=\"300\" height=\"218\" srcset=\"https:\/\/webpbx.es\/wp-content\/uploads\/2020\/04\/telefonos-voip-300x218.jpg 300w, https:\/\/webpbx.es\/wp-content\/uploads\/2020\/04\/telefonos-voip.jpg 333w\" sizes=\"(max-width: 300px) 100vw, 300px\" \/><\/a><\/p>\n<p style=\"text-align: justify;\"><strong>Telefonos Voip<\/strong><\/p>\n<p style=\"text-align: justify;\">Un tel\u00e9fono SIP basado en hardware tiene la apariencia y comportamiento de un tel\u00e9fono normal. Sin embargo, se conecta directamente a la red de datos, en lugar de a la l\u00ednea PSTN est\u00e1ndar. Estos tel\u00e9fonos tienen un mini hub integrado para que puedan compartir la conexi\u00f3n de red con una computadora, lo que significa que no se necesita un punto de red adicional para el tel\u00e9fono. Ejemplos de tel\u00e9fonos SIP basados en hardware son los tel\u00e9fonos Snom y Yealink los cuales trabajan sin problemas con 3CX.<\/p>\n<p><a href=\"https:\/\/webpbx.es\/wp-content\/uploads\/2020\/04\/fanvil_snom.jpg\"><img loading=\"lazy\" decoding=\"async\" class=\"size-medium wp-image-1282 aligncenter\" src=\"https:\/\/webpbx.es\/wp-content\/uploads\/2020\/04\/fanvil_snom-300x194.jpg\" alt=\"\" width=\"300\" height=\"194\" srcset=\"https:\/\/webpbx.es\/wp-content\/uploads\/2020\/04\/fanvil_snom-300x194.jpg 300w, https:\/\/webpbx.es\/wp-content\/uploads\/2020\/04\/fanvil_snom.jpg 487w\" sizes=\"(max-width: 300px) 100vw, 300px\" \/><\/a><\/p>\n<p style=\"text-align: justify;\"><strong>ATAs (FXS)<\/strong><\/p>\n<p style=\"text-align: justify;\"><strong>FXS<\/strong>\u00a0\u2013\u00a0<strong>F<\/strong>oreign e<strong>X<\/strong>change\u00a0<strong>S<\/strong>ubscriber La interfaz de suscriptor externo es el puerto que efectivamente env\u00eda la l\u00ednea anal\u00f3gica al suscriptor. En otras palabras, es el \u201cenchufe de la pared\u201d donde tendremos que conectar nuestro tel\u00e9fono anal\u00f3gico de toda la vida. Este tipo de dispositivos es muy \u00fatiles para adaptar instalaciones en las que son necesarias utilizar el cableado telef\u00f3nico. Hoteles, edificios de oficinas, etc.<\/p>\n<p style=\"text-align: justify;\">Podemos en contrar ATAS FXS desde 1 hasta 48 puertos anal\u00f3gicos.<\/p>\n<p style=\"text-align: justify;\">3CX diferencia este tipo de dispositivos entre soportados y no soportados. Los dos pueden funcionar en 3CX pero los soportados siempre sera mucho mas f\u00e1ciles de configurar y mantener.<\/p>\n<p style=\"text-align: justify;\"><a href=\"https:\/\/webpbx.es\/wp-content\/uploads\/2020\/04\/pasted-image-0.png\"><img loading=\"lazy\" decoding=\"async\" class=\"size-medium wp-image-1287 aligncenter\" src=\"https:\/\/webpbx.es\/wp-content\/uploads\/2020\/04\/pasted-image-0-300x118.png\" alt=\"\" width=\"300\" height=\"118\" srcset=\"https:\/\/webpbx.es\/wp-content\/uploads\/2020\/04\/pasted-image-0-300x118.png 300w, https:\/\/webpbx.es\/wp-content\/uploads\/2020\/04\/pasted-image-0.png 332w\" sizes=\"(max-width: 300px) 100vw, 300px\" \/><\/a><\/p>\n<\/div><\/div><\/div>\n<div class=\"accordion-group\"><div class=\"accordion-heading\"><a class=\"accordion-toggle \" data-toggle=\"collapse\" data-parent=\"#accordion_one\" href=\"#85119808\"><strong>Gateways FXO<\/strong><\/a><\/div><!-- accordion-heading end -->\r\n\t\t\t<div id=\"85119808\" class=\"accordion-body collapse \"><div class=\"accordion-inner\">\n<p style=\"text-align: justify;\">Para conectar l\u00edneas telef\u00f3nicas con una centralita IP, se necesita un gateway FXO. Este dispositivo convierte la l\u00ednea telef\u00f3nica en una llamada VoIP. Existen un gran n\u00famero de gateways FXO disponibles. Pueden ser del tipo anal\u00f3gico , digitales (RDSI) incluso GSM con un numero variable de puertos a conectar, lineas anal\u00f3gica, RDSI en los formatos b\u00e1sicos y primarios y tarjetas SIM GSM.<\/p>\n<p style=\"text-align: justify;\">Los FXO anal\u00f3gicos son bastante complicados de configurar puesto que se basan en los tonos que nos da la linea anal\u00f3gica y este puede variar de unos pa\u00edses o otros incluso de unos proveedores a otros. Si embargo los RDSI y los GSM al ser digitales la configuraci\u00f3n es mas f\u00e1cil al estar parametrizada.<\/p>\n<p><a href=\"https:\/\/webpbx.es\/wp-content\/uploads\/2020\/04\/images.jpg\"><img loading=\"lazy\" decoding=\"async\" class=\"size-full wp-image-1290 aligncenter\" src=\"https:\/\/webpbx.es\/wp-content\/uploads\/2020\/04\/images.jpg\" alt=\"\" width=\"290\" height=\"174\" \/><\/a><\/p>\n<\/div><\/div><\/div>\n<div class=\"accordion-group\"><div class=\"accordion-heading\"><a class=\"accordion-toggle \" data-toggle=\"collapse\" data-parent=\"#accordion_one\" href=\"#36997800\"><strong>PBX local (Appliance)<\/strong><\/a><\/div><!-- accordion-heading end -->\r\n\t\t\t<div id=\"36997800\" class=\"accordion-body collapse \"><div class=\"accordion-inner\">\n<p style=\"text-align: justify;\">Una Appliance es mucho mas que un servidor con un software de PBX, es exactamente la misma centralita que la PBX Virtual pero ademas le podemos instalar FXS y FXO dentro de un encapsulado que consume muy poca potencia. La podemos tener instalada en nuestra oficina, fabrica etc.<\/p>\n<p style=\"text-align: justify;\">Esto tiene sus ventajas y sus inconvenientes:<\/p>\n<p style=\"text-align: justify;\">Como ventaja es que podremos trabajar con nuestras lineas de toda la vida, anal\u00f3gicas o RDSI sin tener que migrar el servicio a IP, no hace falta tener un ancho de banda muy grande para trabajar con ellas y si se cae el servicio de internet la centralita seguir\u00e1 funcionando al 100%, de pendiendo si tenemos extensiones virtuales.<\/p>\n<p style=\"text-align: justify;\">Como inconveniente es que estas son mas caras de mantener al tener hardware dedicado para su funcionamiento y necesitan una infraestructura m\u00ednima para poder funcionar.<\/p>\n<p><a href=\"https:\/\/webpbx.es\/wp-content\/uploads\/2015\/04\/Beronet_3CX.png\"><img loading=\"lazy\" decoding=\"async\" class=\"wp-image-427 alignleft\" src=\"https:\/\/webpbx.es\/wp-content\/uploads\/2015\/04\/Beronet_3CX-300x92.png\" alt=\"\" width=\"307\" height=\"94\" srcset=\"https:\/\/webpbx.es\/wp-content\/uploads\/2015\/04\/Beronet_3CX-300x92.png 300w, https:\/\/webpbx.es\/wp-content\/uploads\/2015\/04\/Beronet_3CX-1024x314.png 1024w\" sizes=\"(max-width: 307px) 100vw, 307px\" \/><\/a><a href=\"https:\/\/webpbx.es\/wp-content\/uploads\/2020\/04\/pbx-appliance-mini-pcs.jpg\"><img loading=\"lazy\" decoding=\"async\" class=\"wp-image-1307 alignleft\" src=\"https:\/\/webpbx.es\/wp-content\/uploads\/2020\/04\/pbx-appliance-mini-pcs-300x239.jpg\" alt=\"\" width=\"141\" height=\"112\" srcset=\"https:\/\/webpbx.es\/wp-content\/uploads\/2020\/04\/pbx-appliance-mini-pcs-300x239.jpg 300w, https:\/\/webpbx.es\/wp-content\/uploads\/2020\/04\/pbx-appliance-mini-pcs.jpg 350w\" sizes=\"(max-width: 141px) 100vw, 141px\" \/><\/a><a href=\"https:\/\/webpbx.es\/wp-content\/uploads\/2020\/04\/ms_snbxgw.png\"><img loading=\"lazy\" decoding=\"async\" class=\"wp-image-1295 aligncenter\" src=\"https:\/\/webpbx.es\/wp-content\/uploads\/2020\/04\/ms_snbxgw-300x86.png\" alt=\"\" width=\"321\" height=\"92\" srcset=\"https:\/\/webpbx.es\/wp-content\/uploads\/2020\/04\/ms_snbxgw-300x86.png 300w, https:\/\/webpbx.es\/wp-content\/uploads\/2020\/04\/ms_snbxgw.png 360w\" sizes=\"(max-width: 321px) 100vw, 321px\" \/><\/a><\/p>\n<p>&nbsp;<\/p>\n<\/div><\/div><\/div>\n<div class=\"accordion-group\"><div class=\"accordion-heading\"><a class=\"accordion-toggle \" data-toggle=\"collapse\" data-parent=\"#accordion_one\" href=\"#649848631\"><strong>\u00bfPor que elegir Web Pbx?<\/strong><\/a><\/div><!-- accordion-heading end -->\r\n\t\t\t<div id=\"649848631\" class=\"accordion-body collapse \"><div class=\"accordion-inner\">\n<p>En Web Pbx tienes plena libertad de elecci\u00f3n.<\/p>\n<p>Operadores (Voip o telefon\u00eda tradicional), eliges el que quieras.<\/p>\n<p>Tel\u00e9fonos, eliges los que mas te gusten Voip o Anal\u00f3gicos.<\/p>\n<p>PBX Virtual \u00f3 PBX Local, la elecci\u00f3n depender\u00e1 de las necesidades del cliente y del entorno de instalaci\u00f3n, sobre todo del ancho de banda disponible.<\/p>\n<p>En Web Pbx te orientamos de cuales son tus opciones mas adecuadas pero solo tu eres el que finalmente decides.<\/p>\n<p>Una vez terminada la programaci\u00f3n de la PBX se entregara un dossier con las especificaciones y contrase\u00f1as empleados en cada parte del proyecto.<\/p>\n<p>Puedes elegir dos opciones para gestionar la PBX: Por usted mismos (si tiene los conocimientos t\u00e9cnicos necesarios) o dej\u00e1ndolo en nuestras manos.<\/p>\n<\/div><\/div><\/div>\n<\/div>\n<\/div>\n<\/div>\n<div class=\"row\">\n<div class=\"span3\">\n<h4 style=\"text-align: center;\">SoftPhone<\/h4>\n<p style=\"text-align: center;\"><div class=\"huge-round-icon\"><i class=\"icon-cloud\"><\/i><\/div>\n<p style=\"text-align: justify;\">3CX desarrollo 3XCPhone para poder funcionar pr\u00e1cticamente en cualquier plataforma, Windows, MAC, Android o IOS, pero faltaba algo y gracias al WebRTC precticamente cualquier navegador compatible con HTML5 puede ser un telefono. Si tienes dudas pulsa el bot\u00f3n.<\/p>\n<p style=\"text-align: center;\"><a href=\"https:\/\/www.3cx.es\/voip-telefono\/sip-telefono\/\" class=\"button simple medium \" target=\"_self\">Mas Info<\/a>\n<\/div>\n<div class=\"span3\">\n<h4 style=\"text-align: center;\">Tel\u00e9fonos<\/h4>\n<p style=\"text-align: center;\"><div class=\"huge-round-icon\"><i class=\"icon-globe\"><\/i><\/div>\n<p style=\"text-align: justify;\">Pr\u00e1cticamente cualquier tel\u00e9fono SIP se puede usar con 3CX, pero si quieres sacar todo el rendimiento de la PBX selecciona tel\u00e9fonos 100% compatible su provisioning te facilitara la configuraci\u00f3n y su uso diario. Pulsa el bot\u00f3n inferior para mas informaci\u00f3n.<\/p>\n<p style=\"text-align: center;\"><a href=\"https:\/\/www.3cx.es\/sip-phones\/\" class=\"button simple medium \" target=\"_self\">Mas Info<\/a>\n<\/div>\n<div class=\"span3\">\n<h4 style=\"text-align: center;\">Gateways (FXS &#8211; FXO)<\/h4>\n<p style=\"text-align: center;\"><div class=\"huge-round-icon\"><i class=\"icon-cog\"><\/i><\/div>\n<p id=\"tw-target-text\" class=\"tw-data-text vk_txt tw-ta tw-text-small\" dir=\"ltr\" style=\"text-align: justify;\" data-placeholder=\"Traducci\u00f3n\">Gateway los hay de muchas marcas y modelos. La y si usan el protocolo SIP seguro que funcionaran con 3CX , pero aqu\u00ed tienes los que son 100% compatibles, te solucionaran muchos problemas a la hora de configurarlos. Pulsa el bot\u00f3n de abajo para saber mas.<\/p>\n<p style=\"text-align: center;\"><a href=\"https:\/\/www.3cx.es\/voip-gateways\/\" class=\"button simple medium \" target=\"_self\">Mas Info<\/a>\n<\/div>\n<div class=\"span3\">\n<h4 style=\"text-align: center;\">Appliance<\/h4>\n<p style=\"text-align: center;\"><div class=\"huge-round-icon\"><i class=\"icon-refresh\"><\/i><\/div>\n<p style=\"text-align: justify;\">Desde un Servidor antiguo hasta el mas moderno puede servir como IP-PBX, pero si quieres algo ajustado en tama\u00f1o consumo y prestaciones elije un appliance dise\u00f1ado para trabajar como PBX. Si necesitas mas informaci\u00f3n sobre los appliance\u00a0 pulsa el bot\u00f3n<\/p>\n<p style=\"text-align: center;\"><a href=\"https:\/\/www.3cx.es\/centralita-telefonica\/appliance-pbx\/\" class=\"button simple medium \" target=\"_self\">Mas Info<\/a>\n<\/div>\n<\/div>\n<div class=\"row\">\n<div class=\"accordion-group\"><div class=\"accordion-heading\"><a class=\"accordion-toggle \" data-toggle=\"collapse\" data-parent=\"#accordion_one\" href=\"#485529480\"><strong>Copyright y derechos de marca<\/strong><\/a><\/div><!-- accordion-heading end -->\r\n\t\t\t<div id=\"485529480\" class=\"accordion-body collapse \"><div class=\"accordion-inner\">\n<ul>\n<li style=\"text-align: justify;\">Todas las marcas comerciales y marcas registradas son propiedad de sus respectivos propietarios.<\/li>\n<li style=\"text-align: justify;\">3CX y el logo son marcas registrada por 3CX Ltd.Copyright 2006 &#8211; 2015, 3CX Ltd. Todos los derechos reservados.<\/li>\n<li style=\"text-align: justify;\">RasberryPI y el logo son marca registrada por Raspberry PI Foundation UK REGISTERED CHARITY\u00a01129409. Todos los derechos reservados.<\/li>\n<li style=\"text-align: justify;\">Intel y el logo son marca registrada por Intel Corporation Trademarks &amp; Brands 2200 Mission College Blvd., RNB-4-151 Santa Clara, CA 95054 USA. Todos los derechos reservados.<\/li>\n<li style=\"text-align: justify;\">Beronet y el logo son marca registrada por beroNet GmbH Copyright \u00a9 2015 beroNet GmbH,\u00a0Todos los derechos reservados.<\/li>\n<li style=\"text-align: justify;\">Grandstream y el logo son marca registrada por\u00a0Grandstream Networks, Inc.\u00a0Copyright\u00a0\u00a9 2015 Grandstream Networks, Inc.\u00a0Todos los derechos reservados.<\/li>\n<li style=\"text-align: justify;\">Patton y el logo son marca registrada por\u00a0Patton Electronics Co.\u00a0Copyright \u00a9 2001\u20132015 Patton Electronics Co., Todos los derechos reservados.<\/li>\n<\/ul>\n<\/div><\/div><\/div>\n<\/div>\n","protected":false},"excerpt":{"rendered":"","protected":false},"author":1,"featured_media":0,"parent":0,"menu_order":0,"comment_status":"closed","ping_status":"closed","template":"","meta":{"footnotes":""},"_links":{"self":[{"href":"https:\/\/webpbx.es\/index.php?rest_route=\/wp\/v2\/pages\/1004"}],"collection":[{"href":"https:\/\/webpbx.es\/index.php?rest_route=\/wp\/v2\/pages"}],"about":[{"href":"https:\/\/webpbx.es\/index.php?rest_route=\/wp\/v2\/types\/page"}],"author":[{"embeddable":true,"href":"https:\/\/webpbx.es\/index.php?rest_route=\/wp\/v2\/users\/1"}],"replies":[{"embeddable":true,"href":"https:\/\/webpbx.es\/index.php?rest_route=%2Fwp%2Fv2%2Fcomments&post=1004"}],"version-history":[{"count":39,"href":"https:\/\/webpbx.es\/index.php?rest_route=\/wp\/v2\/pages\/1004\/revisions"}],"predecessor-version":[{"id":1294,"href":"https:\/\/webpbx.es\/index.php?rest_route=\/wp\/v2\/pages\/1004\/revisions\/1294"}],"wp:attachment":[{"href":"https:\/\/webpbx.es\/index.php?rest_route=%2Fwp%2Fv2%2Fmedia&parent=1004"}],"curies":[{"name":"wp","href":"https:\/\/api.w.org\/{rel}","templated":true}]}}