{"id":222,"date":"2013-05-21T13:59:16","date_gmt":"2013-05-21T13:59:16","guid":{"rendered":"http:\/\/demos.rafalborowski.com\/wp\/cloudhoster\/?page_id=218"},"modified":"2020-04-19T01:59:12","modified_gmt":"2020-04-18T23:59:12","slug":"cloud-hosting-vps","status":"publish","type":"page","link":"https:\/\/webpbx.es\/?page_id=222","title":{"rendered":"3CX Cloud &#8211; Linux"},"content":{"rendered":"<div class=\"row\">\n<div class=\"span12\">\n<p><a href=\"http:\/\/192.168.1.2\/wordpress\/wp-content\/uploads\/2015\/04\/3CX-Server.png\"><img loading=\"lazy\" decoding=\"async\" class=\" wp-image-399 alignright\" src=\"http:\/\/192.168.1.2\/wordpress\/wp-content\/uploads\/2015\/04\/3CX-Server-300x203.png\" alt=\"\" width=\"332\" height=\"225\" \/><\/a><\/p>\n<h4>\u00bfQu\u00e9 es la Central Telef\u00f3nica 3CX Virtual Linux?<\/h4>\n<p style=\"text-align: justify;\">La Central Telef\u00f3nica 3CX es una central IP basada en software (Linux Debian), pero en este caso esta alojada en un servidor virtual en la nube, que reemplaza una central tradicional y les da a los empleados la habilidad de hacer, recibir o transferir llamadas. La central IP tambi\u00e9n es conocida como Sistema Telef\u00f3nico VoIP, PABX IP o servidor SIP.<\/p>\n<p style=\"text-align: justify;\">Las llamadas son enviadas como paquetes de datos sobre la red de datos en vez de la red telef\u00f3nica tradicional. Los tel\u00e9fonos comparten la red con las computadoras, por lo cual el cableado telef\u00f3nico puede ser eliminado.<\/p>\n<p style=\"text-align: justify;\">En este caso, al ser una instalaci\u00f3n en un servidor virtual en la nube, solo sera posible usar servicio VoiP para los proveedores de telefonia.<\/p>\n<p style=\"text-align: justify;\">La Central Telef\u00f3nica 3CX puede interoperar con softphones SIP est\u00e1ndar, tel\u00e9fonos IP o tel\u00e9fonos inteligentes, y provee transferencia interna de llamadas, as\u00ed como tambi\u00e9n llamadas entrantes o salientes a trav\u00e9s de la red de tel\u00e9fonos est\u00e1ndar o a trav\u00e9s de un servicio VoIP<\/p>\n<\/div>\n<\/div>\n<div class=\"row\">\n<div class=\"span4\">\n<div class=\"plan-container -plan \">\n<div class=\"plan-head \"><h4>Lite  3CX Line<\/h4><p>Para mini empresas<\/p><\/div><!-- plan-head end -->\r\n\t\t\t<div class=\"plan-body\"><div class=\"plan-price\"><span>Desde 343 \u20ac<\/span><p>En un solo pago anual<\/p><\/div><!-- plan-price end -->\n<ul>\n<li>Licencia <strong>3CX Pro 4 SC<\/strong><\/li>\n<li>Alojamiento + Debian 9 (Stretch)<\/li>\n<li>Cores: 1 &#8211; Ram: 2 Gb &#8211; Disco: 25 Gb<\/li>\n<li>Alta disponibilidad &#8211; 99,99 SLA<\/li>\n<li>100 Mb\/s tr\u00e1fico ilimitado<\/li>\n<li>1 IP Publica<\/li>\n<\/ul>\n<a href=\"http:\/\/webpbx.es\/?page_id=40\" class=\"button simple medium \" target=\"_self\">Elige este plan<\/a>\n<\/div><!-- plan-body end -->\n<\/div>\n<\/div>\n<div class=\"span4\">\n<div class=\"plan-container featured-plan green\">\n<div class=\"plan-head \"><h4>Medium 3CX Line<\/h4><p>Para empresas medianas<\/p><\/div><!-- plan-head end -->\r\n\t\t\t<div class=\"plan-body\"><div class=\"plan-price\"><span>Desde 519 \u20ac<\/span><p>En un solo pago anual<\/p><\/div><!-- plan-price end -->\n<ul>\n<li>Licencia <strong>3CX Pro 8 SC<\/strong><\/li>\n<li>Alojamiento + Debian 9 (Stretch)<\/li>\n<li>Cores: 2 &#8211; Ram: 4 Gb &#8211; Disco: 50 Gb<\/li>\n<li>Alta disponibilidad &#8211; 99,99 SLA<\/li>\n<li>100 Mb\/s tr\u00e1fico ilimitado<\/li>\n<li>1 IP Publica<\/li>\n<\/ul>\n<a href=\"#\" class=\"button simple medium \" target=\"_self\">Elige este plan<\/a>\n<\/div><!-- plan-body end -->\n<\/div>\n<\/div>\n<div class=\"span4\">\n<div class=\"plan-container -plan black\">\n<div class=\"plan-head \"><h4>Proferional 3CX Line<\/h4><p>Para grandes enpresas<\/p><\/div><!-- plan-head end -->\r\n\t\t\t<div class=\"plan-body\"><div class=\"plan-price\"><span>Desde  999 \u20ac<\/span><p>En un solo pago anual<\/p><\/div><!-- plan-price end -->\n<ul>\n<li>Licencia <strong>3CX Pro 16 SC<\/strong><\/li>\n<li>Alojamiento + Debian 9 (Stretch)<\/li>\n<li>Cores: 4 &#8211; Ram: 8 Gb &#8211; Disco: 100 Gb<\/li>\n<li>Alta disponibilidad &#8211; 99,99 SLA<\/li>\n<li>100 Mb\/s tr\u00e1fico ilimitado<\/li>\n<li>1 IP Publica<\/li>\n<\/ul>\n<a href=\"http:\/\/webpbx.es\/?page_id=40\" class=\"button simple medium \" target=\"_self\">Elige este plan<\/a>\n<\/div><!-- plan-body end -->\n<\/div>\n<\/div>\n<div class=\"row\"><\/div>\n<div class=\"span12\">\n<div class=\"well clearfix\">\n<p>\u00bfNo encuentras tu plan? <strong>No importa, te hacemos uno a medida! <\/strong>Preguntanos!<\/p>\n<a href=\"http:\/\/webpbx.es\/?page_id=40\" class=\"button shiny medium pull-right\" target=\"_self\">Contacta con nosotros<\/a>\n<\/div>\n<\/div>\n<\/div>\n<div class=\"row\">\n<div class=\"span4\">\n<h4 class=\"feature-icon-title\" style=\"text-align: center;\">El Mejor Hardware.<\/h4>\n<p style=\"text-align: justify;\">El hardware utilizado para las IP-PBX esta siempre basado en tecnolog\u00eda de INTEL, intentando utilizar siempre elementos pasivos a la hora de implementar nuestro servidores.<\/p>\n<\/div>\n<div class=\"span4\">\n<h4 class=\"feature-icon-title\" style=\"text-align: center;\">Servidores VPS de 1\u00aa Calida.<\/h4>\n<p style=\"text-align: justify;\">Nuestras IP-PBX virtuales est\u00e1n alojadas en datacenters de Primer nivel, lo que nos garantiza y gran SLA en los servidores.<\/p>\n<\/div>\n<div class=\"span4\">\n<h4 class=\"feature-icon-title\" style=\"text-align: center;\">Profesionalidad.<\/h4>\n<p style=\"text-align: justify;\">Nuestros t\u00e9cnicos est\u00e1n certificados por las diferentes compa\u00f1\u00edas en el uso de las diferentes IP-PBX, lo que nos da un grado de satisfacci\u00f3n en nuestros clientes muy alto<\/p>\n<\/div>\n<\/div>\n","protected":false},"excerpt":{"rendered":"","protected":false},"author":1,"featured_media":0,"parent":0,"menu_order":0,"comment_status":"open","ping_status":"open","template":"","meta":{"footnotes":""},"_links":{"self":[{"href":"https:\/\/webpbx.es\/index.php?rest_route=\/wp\/v2\/pages\/222"}],"collection":[{"href":"https:\/\/webpbx.es\/index.php?rest_route=\/wp\/v2\/pages"}],"about":[{"href":"https:\/\/webpbx.es\/index.php?rest_route=\/wp\/v2\/types\/page"}],"author":[{"embeddable":true,"href":"https:\/\/webpbx.es\/index.php?rest_route=\/wp\/v2\/users\/1"}],"replies":[{"embeddable":true,"href":"https:\/\/webpbx.es\/index.php?rest_route=%2Fwp%2Fv2%2Fcomments&post=222"}],"version-history":[{"count":17,"href":"https:\/\/webpbx.es\/index.php?rest_route=\/wp\/v2\/pages\/222\/revisions"}],"predecessor-version":[{"id":1235,"href":"https:\/\/webpbx.es\/index.php?rest_route=\/wp\/v2\/pages\/222\/revisions\/1235"}],"wp:attachment":[{"href":"https:\/\/webpbx.es\/index.php?rest_route=%2Fwp%2Fv2%2Fmedia&parent=222"}],"curies":[{"name":"wp","href":"https:\/\/api.w.org\/{rel}","templated":true}]}}